{"id":5,"date":"2019-07-08T13:53:55","date_gmt":"2019-07-08T11:53:55","guid":{"rendered":"https:\/\/www.geo-detekcja.plindex.php\/kontakt\/"},"modified":"2019-07-12T16:54:42","modified_gmt":"2019-07-12T14:54:42","slug":"kontakt","status":"publish","type":"page","link":"https:\/\/www.geo-detekcja.pl\/index.php\/kontakt\/","title":{"rendered":"Kontakt"},"content":{"rendered":"<p>[et_pb_section fb_built=&#8221;1&#8243; fullwidth=&#8221;on&#8221; _builder_version=&#8221;3.0.86&#8243; global_module=&#8221;171&#8243; saved_tabs=&#8221;all&#8221;][et_pb_fullwidth_slider _builder_version=&#8221;3.17.6&#8243; header_font=&#8221;||||||||&#8221; box_shadow_style=&#8221;preset6&#8243; box_shadow_blur=&#8221;10px&#8221; box_shadow_color=&#8221;rgba(0,0,0,0.1)&#8221; auto=&#8221;on&#8221; auto_speed=&#8221;4350&#8243; button_text_size__hover_enabled=&#8221;off&#8221; button_one_text_size__hover_enabled=&#8221;off&#8221; button_two_text_size__hover_enabled=&#8221;off&#8221; button_text_color__hover_enabled=&#8221;off&#8221; button_one_text_color__hover_enabled=&#8221;off&#8221; button_two_text_color__hover_enabled=&#8221;off&#8221; button_border_width__hover_enabled=&#8221;off&#8221; button_one_border_width__hover_enabled=&#8221;off&#8221; button_two_border_width__hover_enabled=&#8221;off&#8221; button_border_color__hover_enabled=&#8221;off&#8221; button_one_border_color__hover_enabled=&#8221;off&#8221; button_two_border_color__hover_enabled=&#8221;off&#8221; button_border_radius__hover_enabled=&#8221;off&#8221; button_one_border_radius__hover_enabled=&#8221;off&#8221; button_two_border_radius__hover_enabled=&#8221;off&#8221; button_letter_spacing__hover_enabled=&#8221;off&#8221; button_one_letter_spacing__hover_enabled=&#8221;off&#8221; button_two_letter_spacing__hover_enabled=&#8221;off&#8221; button_bg_color__hover_enabled=&#8221;off&#8221; button_one_bg_color__hover_enabled=&#8221;off&#8221; button_two_bg_color__hover_enabled=&#8221;off&#8221;][et_pb_slide heading=&#8221;Geo-detekcja&#8221; use_bg_overlay=&#8221;on&#8221; bg_overlay_color=&#8221;rgba(0,0,0,0.45)&#8221; use_text_overlay=&#8221;off&#8221; _builder_version=&#8221;3.17.6&#8243; header_font=&#8221;|600|||||||&#8221; header_text_shadow_style=&#8221;preset2&#8243; background_color=&#8221;#ffffff&#8221; background_image=&#8221;https:\/\/www.geo-detekcja.pl\/wp-content\/uploads\/2019\/07\/Slider_1680x885.jpg&#8221; custom_css_before=&#8221;height:400px;&#8221; custom_css_main_element=&#8221;height:400px;&#8221; custom_css_after=&#8221;height:400px;&#8221; button_text_size__hover_enabled=&#8221;off&#8221; button_one_text_size__hover_enabled=&#8221;off&#8221; button_two_text_size__hover_enabled=&#8221;off&#8221; button_text_color__hover_enabled=&#8221;off&#8221; button_one_text_color__hover_enabled=&#8221;off&#8221; button_two_text_color__hover_enabled=&#8221;off&#8221; button_border_width__hover_enabled=&#8221;off&#8221; button_one_border_width__hover_enabled=&#8221;off&#8221; button_two_border_width__hover_enabled=&#8221;off&#8221; button_border_color__hover_enabled=&#8221;off&#8221; button_one_border_color__hover_enabled=&#8221;off&#8221; button_two_border_color__hover_enabled=&#8221;off&#8221; button_border_radius__hover_enabled=&#8221;off&#8221; button_one_border_radius__hover_enabled=&#8221;off&#8221; button_two_border_radius__hover_enabled=&#8221;off&#8221; button_letter_spacing__hover_enabled=&#8221;off&#8221; button_one_letter_spacing__hover_enabled=&#8221;off&#8221; button_two_letter_spacing__hover_enabled=&#8221;off&#8221; button_bg_color__hover_enabled=&#8221;off&#8221; button_one_bg_color__hover_enabled=&#8221;off&#8221; button_two_bg_color__hover_enabled=&#8221;off&#8221;]Us\u0142ugi geodezyjne &#038; Wykrywanie infrastruktury podziemnej[\/et_pb_slide][et_pb_slide heading=&#8221;Geo-detekcja&#8221; use_bg_overlay=&#8221;on&#8221; bg_overlay_color=&#8221;rgba(0,0,0,0.45)&#8221; use_text_overlay=&#8221;off&#8221; _builder_version=&#8221;3.17.6&#8243; header_font=&#8221;|600|||||||&#8221; header_text_shadow_style=&#8221;preset2&#8243; background_color=&#8221;#ffffff&#8221; background_image=&#8221;https:\/\/www.geo-detekcja.pl\/wp-content\/uploads\/2019\/07\/Leica-GS18-T-Right-Rail-Pod.jpg&#8221; custom_css_before=&#8221;height:400px;&#8221; custom_css_main_element=&#8221;height:400px;&#8221; custom_css_after=&#8221;height:400px;&#8221; button_text_size__hover_enabled=&#8221;off&#8221; button_one_text_size__hover_enabled=&#8221;off&#8221; button_two_text_size__hover_enabled=&#8221;off&#8221; button_text_color__hover_enabled=&#8221;off&#8221; button_one_text_color__hover_enabled=&#8221;off&#8221; button_two_text_color__hover_enabled=&#8221;off&#8221; button_border_width__hover_enabled=&#8221;off&#8221; button_one_border_width__hover_enabled=&#8221;off&#8221; button_two_border_width__hover_enabled=&#8221;off&#8221; button_border_color__hover_enabled=&#8221;off&#8221; button_one_border_color__hover_enabled=&#8221;off&#8221; button_two_border_color__hover_enabled=&#8221;off&#8221; button_border_radius__hover_enabled=&#8221;off&#8221; button_one_border_radius__hover_enabled=&#8221;off&#8221; button_two_border_radius__hover_enabled=&#8221;off&#8221; button_letter_spacing__hover_enabled=&#8221;off&#8221; button_one_letter_spacing__hover_enabled=&#8221;off&#8221; button_two_letter_spacing__hover_enabled=&#8221;off&#8221; button_bg_color__hover_enabled=&#8221;off&#8221; button_one_bg_color__hover_enabled=&#8221;off&#8221; button_two_bg_color__hover_enabled=&#8221;off&#8221;]Precyzja to nasza domena[\/et_pb_slide][\/et_pb_fullwidth_slider][\/et_pb_section][et_pb_section fb_built=&#8221;1&#8243; _builder_version=&#8221;3.0.86&#8243; box_shadow_style=&#8221;preset3&#8243;][et_pb_row _builder_version=&#8221;3.17.6&#8243;][et_pb_column type=&#8221;4_4&#8243; _builder_version=&#8221;3.17.6&#8243; parallax=&#8221;off&#8221; parallax_method=&#8221;on&#8221;][\/et_pb_column][\/et_pb_row][\/et_pb_section][et_pb_section fb_built=&#8221;1&#8243; prev_background_color=&#8221;#ffffff&#8221; _builder_version=&#8221;3.17.6&#8243; background_color=&#8221;#EEEEEE&#8221; border_style_all=&#8221;dotted&#8221; border_width_top=&#8221;1px&#8221; border_color_top=&#8221;rgba(51,51,51,0.55)&#8221; top_divider_style=&#8221;curve&#8221; global_module=&#8221;161&#8243; saved_tabs=&#8221;all&#8221;][et_pb_row custom_padding=&#8221;7%||&#8221; _builder_version=&#8221;3.17.6&#8243;][et_pb_column type=&#8221;4_4&#8243; _builder_version=&#8221;3.0.47&#8243; parallax=&#8221;off&#8221; parallax_method=&#8221;on&#8221;][et_pb_text _builder_version=&#8221;3.17.6&#8243; text_font=&#8221;||||||||&#8221; header_font=&#8221;||||||||&#8221; header_font_size=&#8221;32px&#8221; header_2_font=&#8221;||||||||&#8221; header_2_text_color=&#8221;#002462&#8243; header_2_font_size=&#8221;35px&#8221; header_2_line_height=&#8221;1.2em&#8221; background_layout=&#8221;dark&#8221;]<\/p>\n<h2 style=\"text-align: center;\">KONTAKT<\/h2>\n<p>[\/et_pb_text][\/et_pb_column][\/et_pb_row][et_pb_row custom_padding=&#8221;27px|0px|0px|0px&#8221; _builder_version=&#8221;3.0.86&#8243;][et_pb_column type=&#8221;1_2&#8243; _builder_version=&#8221;3.0.47&#8243; parallax=&#8221;off&#8221; parallax_method=&#8221;on&#8221;][et_pb_blurb use_icon=&#8221;on&#8221; font_icon=&#8221;%%275%%&#8221; icon_color=&#8221;#002462&#8243; icon_placement=&#8221;left&#8221; _builder_version=&#8221;3.17.6&#8243; header_text_color=&#8221;#ffffff&#8221; body_font=&#8221;|600|||||||&#8221; body_text_color=&#8221;#002462&#8243; body_font_size=&#8221;18px&#8221;]GEO-DETEKCJA in\u017c. Patryk \u0141api\u0144ski<\/p>\n<p>ul. 1 Maja 16, 88-160 Janikowo[\/et_pb_blurb][et_pb_blurb title=&#8221;geo-detekcja@wp.pl &#8221; use_icon=&#8221;on&#8221; font_icon=&#8221;%%238%%&#8221; icon_color=&#8221;#002462&#8243; icon_placement=&#8221;left&#8221; _builder_version=&#8221;3.17.6&#8243; header_font=&#8221;|600|||||||&#8221; header_text_color=&#8221;#002462&#8243;][\/et_pb_blurb][et_pb_blurb use_icon=&#8221;on&#8221; font_icon=&#8221;%%264%%&#8221; icon_color=&#8221;#002462&#8243; icon_placement=&#8221;left&#8221; _builder_version=&#8221;3.17.6&#8243; header_text_color=&#8221;#ffffff&#8221; body_font=&#8221;|600|||||||&#8221; body_text_color=&#8221;#002462&#8243; body_font_size=&#8221;18px&#8221;]530-103-858[\/et_pb_blurb][et_pb_blurb title=&#8221;REGON: 383262186 &#8221; use_icon=&#8221;on&#8221; font_icon=&#8221;%%286%%&#8221; icon_color=&#8221;#002462&#8243; icon_placement=&#8221;left&#8221; _builder_version=&#8221;3.17.6&#8243; header_font=&#8221;|600|||||||&#8221; header_text_color=&#8221;#002462&#8243;][\/et_pb_blurb][et_pb_blurb title=&#8221;NIP: 556-274-75-05&#8243; use_icon=&#8221;on&#8221; font_icon=&#8221;%%286%%&#8221; icon_color=&#8221;#002462&#8243; icon_placement=&#8221;left&#8221; _builder_version=&#8221;3.17.6&#8243; header_font=&#8221;|600|||||||&#8221; header_text_color=&#8221;#002462&#8243;][\/et_pb_blurb][\/et_pb_column][et_pb_column type=&#8221;1_2&#8243; _builder_version=&#8221;3.0.47&#8243; parallax=&#8221;off&#8221; parallax_method=&#8221;on&#8221;][et_pb_contact_form captcha=&#8221;off&#8221; module_id=&#8221;et_pb_contact_form_0&#8243; _builder_version=&#8221;3.17.6&#8243; form_field_font=&#8221;|600|||||||&#8221; form_field_text_align=&#8221;left&#8221; form_field_text_color=&#8221;#002462&#8243; form_field_font_size=&#8221;18px&#8221; border_width_all=&#8221;1px&#8221; custom_button=&#8221;on&#8221; button_text_size=&#8221;22px&#8221; button_text_color=&#8221;#002462&#8243; button_bg_color=&#8221;#ffffff&#8221; button_border_width=&#8221;2px&#8221; button_border_radius=&#8221;3px&#8221; button_font=&#8221;||||||||&#8221; button_icon=&#8221;%%3%%&#8221;][et_pb_contact_field field_id=&#8221;Imi\u0119_i_nazwisko&#8221; field_title=&#8221;Imi\u0119 i nazwisko&#8221; fullwidth_field=&#8221;on&#8221; _builder_version=&#8221;3.16&#8243; border_radii=&#8221;on||||&#8221; button_text_size__hover_enabled=&#8221;off&#8221; button_one_text_size__hover_enabled=&#8221;off&#8221; button_two_text_size__hover_enabled=&#8221;off&#8221; button_text_color__hover_enabled=&#8221;off&#8221; button_one_text_color__hover_enabled=&#8221;off&#8221; button_two_text_color__hover_enabled=&#8221;off&#8221; button_border_width__hover_enabled=&#8221;off&#8221; button_one_border_width__hover_enabled=&#8221;off&#8221; button_two_border_width__hover_enabled=&#8221;off&#8221; button_border_color__hover_enabled=&#8221;off&#8221; button_one_border_color__hover_enabled=&#8221;off&#8221; button_two_border_color__hover_enabled=&#8221;off&#8221; button_border_radius__hover_enabled=&#8221;off&#8221; button_one_border_radius__hover_enabled=&#8221;off&#8221; button_two_border_radius__hover_enabled=&#8221;off&#8221; button_letter_spacing__hover_enabled=&#8221;off&#8221; button_one_letter_spacing__hover_enabled=&#8221;off&#8221; button_two_letter_spacing__hover_enabled=&#8221;off&#8221; button_bg_color__hover_enabled=&#8221;off&#8221; button_one_bg_color__hover_enabled=&#8221;off&#8221; button_two_bg_color__hover_enabled=&#8221;off&#8221;][\/et_pb_contact_field][et_pb_contact_field field_id=&#8221;Telefon&#8221; field_title=&#8221;Telefon&#8221; fullwidth_field=&#8221;on&#8221; _builder_version=&#8221;3.16&#8243; border_radii=&#8221;on||||&#8221; button_text_size__hover_enabled=&#8221;off&#8221; button_one_text_size__hover_enabled=&#8221;off&#8221; button_two_text_size__hover_enabled=&#8221;off&#8221; button_text_color__hover_enabled=&#8221;off&#8221; button_one_text_color__hover_enabled=&#8221;off&#8221; button_two_text_color__hover_enabled=&#8221;off&#8221; button_border_width__hover_enabled=&#8221;off&#8221; button_one_border_width__hover_enabled=&#8221;off&#8221; button_two_border_width__hover_enabled=&#8221;off&#8221; button_border_color__hover_enabled=&#8221;off&#8221; button_one_border_color__hover_enabled=&#8221;off&#8221; button_two_border_color__hover_enabled=&#8221;off&#8221; button_border_radius__hover_enabled=&#8221;off&#8221; button_one_border_radius__hover_enabled=&#8221;off&#8221; button_two_border_radius__hover_enabled=&#8221;off&#8221; button_letter_spacing__hover_enabled=&#8221;off&#8221; button_one_letter_spacing__hover_enabled=&#8221;off&#8221; button_two_letter_spacing__hover_enabled=&#8221;off&#8221; button_bg_color__hover_enabled=&#8221;off&#8221; button_one_bg_color__hover_enabled=&#8221;off&#8221; button_two_bg_color__hover_enabled=&#8221;off&#8221;][\/et_pb_contact_field][et_pb_contact_field field_id=&#8221;Email&#8221; field_title=&#8221;Email&#8221; field_type=&#8221;email&#8221; fullwidth_field=&#8221;on&#8221; _builder_version=&#8221;3.16&#8243; border_radii=&#8221;on||||&#8221; button_text_size__hover_enabled=&#8221;off&#8221; button_one_text_size__hover_enabled=&#8221;off&#8221; button_two_text_size__hover_enabled=&#8221;off&#8221; button_text_color__hover_enabled=&#8221;off&#8221; button_one_text_color__hover_enabled=&#8221;off&#8221; button_two_text_color__hover_enabled=&#8221;off&#8221; button_border_width__hover_enabled=&#8221;off&#8221; button_one_border_width__hover_enabled=&#8221;off&#8221; button_two_border_width__hover_enabled=&#8221;off&#8221; button_border_color__hover_enabled=&#8221;off&#8221; button_one_border_color__hover_enabled=&#8221;off&#8221; button_two_border_color__hover_enabled=&#8221;off&#8221; button_border_radius__hover_enabled=&#8221;off&#8221; button_one_border_radius__hover_enabled=&#8221;off&#8221; button_two_border_radius__hover_enabled=&#8221;off&#8221; button_letter_spacing__hover_enabled=&#8221;off&#8221; button_one_letter_spacing__hover_enabled=&#8221;off&#8221; button_two_letter_spacing__hover_enabled=&#8221;off&#8221; button_bg_color__hover_enabled=&#8221;off&#8221; button_one_bg_color__hover_enabled=&#8221;off&#8221; button_two_bg_color__hover_enabled=&#8221;off&#8221;][\/et_pb_contact_field][et_pb_contact_field field_id=&#8221;Message&#8221; field_title=&#8221;Wiadomo\u015b\u0107&#8221; field_type=&#8221;text&#8221; fullwidth_field=&#8221;on&#8221; _builder_version=&#8221;3.17.6&#8243; form_field_font=&#8221;|700|||||||&#8221; border_radii=&#8221;on||||&#8221; button_text_size__hover_enabled=&#8221;off&#8221; button_one_text_size__hover_enabled=&#8221;off&#8221; button_two_text_size__hover_enabled=&#8221;off&#8221; button_text_color__hover_enabled=&#8221;off&#8221; button_one_text_color__hover_enabled=&#8221;off&#8221; button_two_text_color__hover_enabled=&#8221;off&#8221; button_border_width__hover_enabled=&#8221;off&#8221; button_one_border_width__hover_enabled=&#8221;off&#8221; button_two_border_width__hover_enabled=&#8221;off&#8221; button_border_color__hover_enabled=&#8221;off&#8221; button_one_border_color__hover_enabled=&#8221;off&#8221; button_two_border_color__hover_enabled=&#8221;off&#8221; button_border_radius__hover_enabled=&#8221;off&#8221; button_one_border_radius__hover_enabled=&#8221;off&#8221; button_two_border_radius__hover_enabled=&#8221;off&#8221; button_letter_spacing__hover_enabled=&#8221;off&#8221; button_one_letter_spacing__hover_enabled=&#8221;off&#8221; button_two_letter_spacing__hover_enabled=&#8221;off&#8221; button_bg_color__hover_enabled=&#8221;off&#8221; button_one_bg_color__hover_enabled=&#8221;off&#8221; button_two_bg_color__hover_enabled=&#8221;off&#8221;][\/et_pb_contact_field][\/et_pb_contact_form][\/et_pb_column][\/et_pb_row][\/et_pb_section][et_pb_section fb_built=&#8221;1&#8243; fullwidth=&#8221;on&#8221; _builder_version=&#8221;3.17.6&#8243; global_module=&#8221;162&#8243; saved_tabs=&#8221;all&#8221;][et_pb_fullwidth_code _builder_version=&#8221;3.17.6&#8243;]<iframe loading=\"lazy\" src=\"https:\/\/www.google.com\/maps\/embed?pb=!1m18!1m12!1m3!1d2414.909915070102!2d18.118069615816125!3d52.75186047985868!2m3!1f0!2f0!3f0!3m2!1i1024!2i768!4f13.1!3m3!1m2!1s0x4703590c3f111345%3A0x5c57b1b220299f95!2s1+Maja+16%2C+88-160+Janikowo!5e0!3m2!1spl!2spl!4v1562591741941!5m2!1spl!2spl\" width=\"2000\" height=\"450\" frameborder=\"0\" style=\"border:0\" allowfullscreen><\/iframe>[\/et_pb_fullwidth_code][\/et_pb_section]<\/p>\n","protected":false},"excerpt":{"rendered":"<p>[et_pb_section fb_built=&#8221;1&#8243; fullwidth=&#8221;on&#8221; _builder_version=&#8221;3.0.86&#8243; global_module=&#8221;171&#8243; saved_tabs=&#8221;all&#8221;][et_pb_fullwidth_slider _builder_version=&#8221;3.17.6&#8243; header_font=&#8221;||||||||&#8221; box_shadow_style=&#8221;preset6&#8243; box_shadow_blur=&#8221;10px&#8221; box_shadow_color=&#8221;rgba(0,0,0,0.1)&#8221; auto=&#8221;on&#8221; auto_speed=&#8221;4350&#8243; button_text_size__hover_enabled=&#8221;off&#8221; button_one_text_size__hover_enabled=&#8221;off&#8221; button_two_text_size__hover_enabled=&#8221;off&#8221; button_text_color__hover_enabled=&#8221;off&#8221; button_one_text_color__hover_enabled=&#8221;off&#8221; button_two_text_color__hover_enabled=&#8221;off&#8221; button_border_width__hover_enabled=&#8221;off&#8221; button_one_border_width__hover_enabled=&#8221;off&#8221; button_two_border_width__hover_enabled=&#8221;off&#8221; button_border_color__hover_enabled=&#8221;off&#8221; button_one_border_color__hover_enabled=&#8221;off&#8221; button_two_border_color__hover_enabled=&#8221;off&#8221; button_border_radius__hover_enabled=&#8221;off&#8221; button_one_border_radius__hover_enabled=&#8221;off&#8221; button_two_border_radius__hover_enabled=&#8221;off&#8221; button_letter_spacing__hover_enabled=&#8221;off&#8221; button_one_letter_spacing__hover_enabled=&#8221;off&#8221; button_two_letter_spacing__hover_enabled=&#8221;off&#8221; button_bg_color__hover_enabled=&#8221;off&#8221; button_one_bg_color__hover_enabled=&#8221;off&#8221; button_two_bg_color__hover_enabled=&#8221;off&#8221;][et_pb_slide heading=&#8221;Geo-detekcja&#8221; use_bg_overlay=&#8221;on&#8221; bg_overlay_color=&#8221;rgba(0,0,0,0.45)&#8221; use_text_overlay=&#8221;off&#8221; _builder_version=&#8221;3.17.6&#8243; header_font=&#8221;|600|||||||&#8221; header_text_shadow_style=&#8221;preset2&#8243; background_color=&#8221;#ffffff&#8221; background_image=&#8221;https:\/\/www.geo-detekcja.pl\/wp-content\/uploads\/2019\/07\/Slider_1680x885.jpg&#8221; custom_css_before=&#8221;height:400px;&#8221; custom_css_main_element=&#8221;height:400px;&#8221; custom_css_after=&#8221;height:400px;&#8221; button_text_size__hover_enabled=&#8221;off&#8221; button_one_text_size__hover_enabled=&#8221;off&#8221; button_two_text_size__hover_enabled=&#8221;off&#8221; button_text_color__hover_enabled=&#8221;off&#8221; button_one_text_color__hover_enabled=&#8221;off&#8221; button_two_text_color__hover_enabled=&#8221;off&#8221; button_border_width__hover_enabled=&#8221;off&#8221; button_one_border_width__hover_enabled=&#8221;off&#8221; button_two_border_width__hover_enabled=&#8221;off&#8221; [&hellip;]<\/p>\n","protected":false},"author":1,"featured_media":0,"parent":0,"menu_order":0,"comment_status":"closed","ping_status":"closed","template":"","meta":{"_et_pb_use_builder":"on","_et_pb_old_content":"","_et_gb_content_width":"","footnotes":""},"yst_prominent_words":[],"class_list":["post-5","page","type-page","status-publish","hentry"],"_links":{"self":[{"href":"https:\/\/www.geo-detekcja.pl\/index.php\/wp-json\/wp\/v2\/pages\/5"}],"collection":[{"href":"https:\/\/www.geo-detekcja.pl\/index.php\/wp-json\/wp\/v2\/pages"}],"about":[{"href":"https:\/\/www.geo-detekcja.pl\/index.php\/wp-json\/wp\/v2\/types\/page"}],"author":[{"embeddable":true,"href":"https:\/\/www.geo-detekcja.pl\/index.php\/wp-json\/wp\/v2\/users\/1"}],"replies":[{"embeddable":true,"href":"https:\/\/www.geo-detekcja.pl\/index.php\/wp-json\/wp\/v2\/comments?post=5"}],"version-history":[{"count":0,"href":"https:\/\/www.geo-detekcja.pl\/index.php\/wp-json\/wp\/v2\/pages\/5\/revisions"}],"wp:attachment":[{"href":"https:\/\/www.geo-detekcja.pl\/index.php\/wp-json\/wp\/v2\/media?parent=5"}],"wp:term":[{"taxonomy":"yst_prominent_words","embeddable":true,"href":"https:\/\/www.geo-detekcja.pl\/index.php\/wp-json\/wp\/v2\/yst_prominent_words?post=5"}],"curies":[{"name":"wp","href":"https:\/\/api.w.org\/{rel}","templated":true}]}}